{"id":2,"date":"2022-05-27T13:56:00","date_gmt":"2022-05-27T11:56:00","guid":{"rendered":"http:\/\/kwm.info.pl\/?page_id=2"},"modified":"2022-06-17T11:16:16","modified_gmt":"2022-06-17T09:16:16","slug":"kwm","status":"publish","type":"page","link":"http:\/\/kwm.info.pl\/index.php\/kwm\/","title":{"rendered":"KWM Kolejowe Wyroby Metalowe"},"content":{"rendered":"\n<p>Witamy serdecznie na naszej stronie internetowej. Zapraszamy Pa\u0144stwa do zapoznania si\u0119 z nasz\u0105 ofert\u0105. Firma nasza powsta\u0142a w 2005 roku i od tego czasu intensywnie si\u0119 rozwija i zdobywa nowe rynki zbytu. Chc\u0105c u\u0142atwi\u0107 Pa\u0144stwu kontakt z nami postanowili\u015bmy umie\u015bci\u0107 nasz\u0105 ofert\u0119 r\u00f3wnie\u017c w internecie. Firma nasza oferuje szereg podzespo\u0142\u00f3w do wagon\u00f3w osobowych i towarowych, przemys\u0142u stoczniowego, energetycznego, wydobywczego naftowego i innych. Wychodz\u0105c naprzeciw Pa\u0144stwa oczekiwaniom, zapraszamy do zapoznania si\u0119 z nasz\u0105 ofert\u0105, znajd\u0105 tam Pa\u0144stwo oferowane przez nas produkty, oraz us\u0142ugi.<\/p>\n\n\n\n<p><strong>PPHU Kolejowe Wyroby Metalowe<\/strong><\/p>\n\n\n\n<p>Drobnikowski Sp. j.<\/p>\n\n\n\n<p>Zapraszamy do zapoznania si\u0119 z nasz\u0105 ofert\u0105.<\/p>\n\n\n\n<p>Znajd\u0105 Pa\u0144stwo na naszej, stronie produkty kt\u00f3re oferuje Firma KWM.<\/p>\n\n\n\n<p>Oferujemy Pa\u0144stu produkty kolejowe, wyrobu hutnieczego, wyroby do statk\u00f3w,<\/p>\n\n\n\n<p>w\u00f3zk\u00f3w, oraz inne wyroby metalurgiczne. Nasza oferta jest szeroka i przygotowana\u00a0<\/p>\n\n\n\n<p>i skierowa w\u0142a\u015bnie dla Pa\u0144stwa potrzeb. Do\u0142o\u017cymy wszelkich stra\u0144 aby Nasi<\/p>\n\n\n\n<p>Klienci byli zadowolenia z naszych us\u0142ug. <\/p>\n","protected":false},"excerpt":{"rendered":"<p>Witamy serdecznie na naszej stronie internetowej. Zapraszamy Pa\u0144stwa do zapoznania si\u0119 z nasz\u0105 ofert\u0105. Firma nasza powsta\u0142a w 2005 roku i od tego czasu intensywnie si\u0119 rozwija i zdobywa nowe rynki zbytu. Chc\u0105c u\u0142atwi\u0107 Pa\u0144stwu kontakt z nami postanowili\u015bmy umie\u015bci\u0107 nasz\u0105 ofert\u0119 r\u00f3wnie\u017c w internecie. Firma nasza oferuje szereg podzespo\u0142\u00f3w do wagon\u00f3w osobowych i towarowych, &hellip; <\/p>\n<p class=\"link-more\"><a href=\"http:\/\/kwm.info.pl\/index.php\/kwm\/\" class=\"more-link\">Czytaj dalej<span class=\"screen-reader-text\"> \u201eKWM Kolejowe Wyroby Metalowe\u201d<\/span><\/a><\/p>\n","protected":false},"author":1,"featured_media":0,"parent":0,"menu_order":0,"comment_status":"closed","ping_status":"closed","template":"","meta":{"footnotes":""},"class_list":["post-2","page","type-page","status-publish","hentry"],"_links":{"self":[{"href":"http:\/\/kwm.info.pl\/index.php\/wp-json\/wp\/v2\/pages\/2","targetHints":{"allow":["GET"]}}],"collection":[{"href":"http:\/\/kwm.info.pl\/index.php\/wp-json\/wp\/v2\/pages"}],"about":[{"href":"http:\/\/kwm.info.pl\/index.php\/wp-json\/wp\/v2\/types\/page"}],"author":[{"embeddable":true,"href":"http:\/\/kwm.info.pl\/index.php\/wp-json\/wp\/v2\/users\/1"}],"replies":[{"embeddable":true,"href":"http:\/\/kwm.info.pl\/index.php\/wp-json\/wp\/v2\/comments?post=2"}],"version-history":[{"count":4,"href":"http:\/\/kwm.info.pl\/index.php\/wp-json\/wp\/v2\/pages\/2\/revisions"}],"predecessor-version":[{"id":77,"href":"http:\/\/kwm.info.pl\/index.php\/wp-json\/wp\/v2\/pages\/2\/revisions\/77"}],"wp:attachment":[{"href":"http:\/\/kwm.info.pl\/index.php\/wp-json\/wp\/v2\/media?parent=2"}],"curies":[{"name":"wp","href":"https:\/\/api.w.org\/{rel}","templated":true}]}}